{"id":9,"date":"2025-01-28T15:41:43","date_gmt":"2025-01-28T15:41:43","guid":{"rendered":"https:\/\/solareur.nl\/?page_id=9"},"modified":"2025-11-18T13:52:49","modified_gmt":"2025-11-18T13:52:49","slug":"home","status":"publish","type":"page","link":"https:\/\/www.solareur.nl\/de\/","title":{"rendered":"Home"},"content":{"rendered":"<p>Ihr Full-Service-EPC Partner Solarenergieprojekte und Solard\u00e4cher<\/p>\n<p>SolarEur \u2013 Sicherheit f\u00fcr Ihre Solarenergieprojekte<\/p>\n<p>Von der Planung bis zur Inbetriebnahme: Wir setzen Ihre Idee mit Qualit\u00e4t und hoher Rendite in die Realit\u00e4t um.<\/p>\n<p>&#8212; Text unten nur f\u00fcr SEO-Zwecke &#8212;<\/p>\n<h2>Projekte<\/h2>\n<p>Ihr Partner f\u00fcr gr\u00fcne Energie<br \/>\nSolarEur realisiert gro\u00dffl\u00e4chige Solarparks und Solard\u00e4cher in den Niederlanden und Nordeuropa. Mit \u00fcber 100 zertifizierten Fachkr\u00e4ften managen wir den gesamten Prozess: von der Erdarbeit \u00fcber den Anschluss bis hin zur Wartung.<\/p>\n<p>\u2192 Wir k\u00fcmmern uns um Ihr EPC-Projekt: Planung, Beschaffung und Bau.<\/p>\n<p>\u2192 Unsere T\u00dcV-zertifizierten Teams und unsere Betriebs- und Wartungsdienstleistungen garantieren einen stabilen Betrieb und eine hohe Rendite.<\/p>\n<p>\u2192 Wir realisieren Solarparks, die sich harmonisch in die Landschaft einf\u00fcgen und von den Anwohnern akzeptiert werden. Mehr als 20 gro\u00dfe Solarprojekte realisiert<br \/>\nHektar neu geschaffener Natur<br \/>\nMehr als 100 Mitarbeiter<br \/>\nJahrelange Erfahrung mit innovativen Projekten in Europa<\/p>\n<h2>Komplettservice f\u00fcr Solarparks und Solard\u00e4cher<br \/>\nUnsere Leistungen im \u00dcberblick<\/h2>\n<p>SolarEur bietet Komplettservice-L\u00f6sungen f\u00fcr Solarenergieprojekte. Wir bieten sowohl Einzel- als auch Kombinationsleistungen an.<\/p>\n<p>Solarparks: Gro\u00dffl\u00e4chige Solarparks (10\u201350 MWp): Realisieren Sie gro\u00dffl\u00e4chige Solarparks mit einem zuverl\u00e4ssigen EPC-Partner. Von der Planung und dem Bau bis hin zu Lieferung und Wartung.<br \/>\nSolard\u00e4cher: Sichere und effiziente D\u00e4cher ab 10.000 m\u00b2: Nutzen Sie Gewerbed\u00e4cher optimal mit sicheren und hochwertigen Solaranlagen. Inklusive Planung und Wartung.<br \/>\nLadeinfrastruktur: Ladestationen und intelligente Integration mit Solarenergie: Integrieren Sie Ladeinfrastruktur mit Solarenergie f\u00fcr nachhaltige Mobilit\u00e4t und maximale Effizienz. Solaranlagen: Gewerbliche Solaranlagen f\u00fcr KMU und Gro\u00dfunternehmen: Gewerbliche Solaranlagen f\u00fcr Unternehmen jeder Gr\u00f6\u00dfe \u2013 mit garantierten Renditen und minimalen Beeintr\u00e4chtigungen.<\/p>\n<p>Aushub: Kabel- und Rohrverlegung als Grundlage jedes Solarparks: Zuverl\u00e4ssige Kabel- und Rohrverlegung als Basis f\u00fcr Solarparks und Energieprojekte.<br \/>\nBetrieb &amp; Wartung \/ \u00dcberwachung: Wartung und Echtzeit\u00fcberwachung: Optimieren Sie Leistung und Rendite durch professionelle Wartung und Echtzeit\u00fcberwachung.<\/p>\n<p>Besuchen Sie auch unseren <a href=\"https:\/\/youtube.com\/@solareur\" target=\"_blank\" rel=\"noopener\">YouTube-Kanal<\/a>.<\/p>\n","protected":false},"excerpt":{"rendered":"<p>Ihr Full-Service-EPC Partner Solarenergieprojekte und Solard\u00e4cher SolarEur \u2013 Sicherheit f\u00fcr Ihre Solarenergieprojekte Von der Planung bis zur Inbetriebnahme: Wir setzen Ihre Idee mit Qualit\u00e4t und hoher Rendite in die Realit\u00e4t um. &#8212; Text unten nur f\u00fcr SEO-Zwecke &#8212; Projekte Ihr Partner f\u00fcr gr\u00fcne Energie SolarEur realisiert gro\u00dffl\u00e4chige Solarparks und Solard\u00e4cher in den Niederlanden und Nordeuropa. [&hellip;]<\/p>\n","protected":false},"author":1,"featured_media":0,"parent":0,"menu_order":0,"comment_status":"closed","ping_status":"closed","template":"","meta":{"footnotes":""},"class_list":["post-9","page","type-page","status-publish","hentry"],"acf":[],"aioseo_notices":[],"_links":{"self":[{"href":"https:\/\/www.solareur.nl\/de\/wp-json\/wp\/v2\/pages\/9","targetHints":{"allow":["GET"]}}],"collection":[{"href":"https:\/\/www.solareur.nl\/de\/wp-json\/wp\/v2\/pages"}],"about":[{"href":"https:\/\/www.solareur.nl\/de\/wp-json\/wp\/v2\/types\/page"}],"author":[{"embeddable":true,"href":"https:\/\/www.solareur.nl\/de\/wp-json\/wp\/v2\/users\/1"}],"replies":[{"embeddable":true,"href":"https:\/\/www.solareur.nl\/de\/wp-json\/wp\/v2\/comments?post=9"}],"version-history":[{"count":9,"href":"https:\/\/www.solareur.nl\/de\/wp-json\/wp\/v2\/pages\/9\/revisions"}],"predecessor-version":[{"id":651,"href":"https:\/\/www.solareur.nl\/de\/wp-json\/wp\/v2\/pages\/9\/revisions\/651"}],"wp:attachment":[{"href":"https:\/\/www.solareur.nl\/de\/wp-json\/wp\/v2\/media?parent=9"}],"curies":[{"name":"wp","href":"https:\/\/api.w.org\/{rel}","templated":true}]}}