{"id":617,"date":"2025-11-14T08:46:48","date_gmt":"2025-11-14T08:46:48","guid":{"rendered":"https:\/\/www.solareur.nl\/de\/?page_id=617"},"modified":"2025-11-14T09:03:56","modified_gmt":"2025-11-14T09:03:56","slug":"video","status":"publish","type":"page","link":"https:\/\/www.solareur.nl\/de\/video\/","title":{"rendered":"Videos Solarenergieprojekte"},"content":{"rendered":"<h3>Drohnenaufnahmen, Videos und Interviews<\/h3>\n<p>&nbsp;<\/p>\n<p>W\u00e4hrend unserer Arbeit haben wir manchmal Zeit zum Filmen.<br \/>\nHier ein \u00dcberblick: Fliegen Sie \u00fcber die Solarparks, schauen Sie zu und h\u00f6ren Sie den Menschen hinter SolarEur zu.<\/p>\n<p>&nbsp;<\/p>\n<div class=\"grid-container\">\n<p><iframe loading=\"lazy\" title=\"YouTube video player\" src=\"https:\/\/www.youtube.com\/embed\/99fJsrcVg14?si=7Kg5XdshAGiYFENP\" width=\"560\" height=\"315\" frameborder=\"0\" allowfullscreen=\"allowfullscreen\"><\/iframe><\/p>\n<p><iframe loading=\"lazy\" title=\"YouTube video player\" src=\"https:\/\/www.youtube.com\/embed\/TvbnKHyyEh0?si=emfzT1g58iJJ1oL_\" width=\"560\" height=\"315\" frameborder=\"0\" allowfullscreen=\"allowfullscreen\"><\/iframe><\/p>\n<p><iframe loading=\"lazy\" title=\"YouTube video player\" src=\"https:\/\/www.youtube.com\/embed\/pmUQIztiGxg?si=YZkobaNrYW3h0oCC\" width=\"560\" height=\"315\" frameborder=\"0\" allowfullscreen=\"allowfullscreen\"><\/iframe><\/p>\n<p><iframe loading=\"lazy\" title=\"YouTube video player\" src=\"https:\/\/www.youtube.com\/embed\/GZZoPrsvm5w?si=BKDQEdbvkHNi9tyl\" width=\"560\" height=\"315\" frameborder=\"0\" allowfullscreen=\"allowfullscreen\"><\/iframe><\/p>\n<\/div>\n","protected":false},"excerpt":{"rendered":"<p>Drohnenaufnahmen, Videos und Interviews &nbsp; W\u00e4hrend unserer Arbeit haben wir manchmal Zeit zum Filmen. Hier ein \u00dcberblick: Fliegen Sie \u00fcber die Solarparks, schauen Sie zu und h\u00f6ren Sie den Menschen hinter SolarEur zu. &nbsp;<\/p>\n","protected":false},"author":1,"featured_media":0,"parent":0,"menu_order":0,"comment_status":"closed","ping_status":"closed","template":"consulting-office.php","meta":{"footnotes":""},"class_list":["post-617","page","type-page","status-publish","hentry"],"acf":[],"aioseo_notices":[],"_links":{"self":[{"href":"https:\/\/www.solareur.nl\/de\/wp-json\/wp\/v2\/pages\/617","targetHints":{"allow":["GET"]}}],"collection":[{"href":"https:\/\/www.solareur.nl\/de\/wp-json\/wp\/v2\/pages"}],"about":[{"href":"https:\/\/www.solareur.nl\/de\/wp-json\/wp\/v2\/types\/page"}],"author":[{"embeddable":true,"href":"https:\/\/www.solareur.nl\/de\/wp-json\/wp\/v2\/users\/1"}],"replies":[{"embeddable":true,"href":"https:\/\/www.solareur.nl\/de\/wp-json\/wp\/v2\/comments?post=617"}],"version-history":[{"count":1,"href":"https:\/\/www.solareur.nl\/de\/wp-json\/wp\/v2\/pages\/617\/revisions"}],"predecessor-version":[{"id":618,"href":"https:\/\/www.solareur.nl\/de\/wp-json\/wp\/v2\/pages\/617\/revisions\/618"}],"wp:attachment":[{"href":"https:\/\/www.solareur.nl\/de\/wp-json\/wp\/v2\/media?parent=617"}],"curies":[{"name":"wp","href":"https:\/\/api.w.org\/{rel}","templated":true}]}}