{"id":20,"date":"2025-01-28T15:43:26","date_gmt":"2025-01-28T15:43:26","guid":{"rendered":"https:\/\/solareur.nl\/?page_id=20"},"modified":"2025-11-14T12:38:23","modified_gmt":"2025-11-14T12:38:23","slug":"kontakt","status":"publish","type":"page","link":"https:\/\/www.solareur.nl\/de\/kontakt\/","title":{"rendered":"Kontakt"},"content":{"rendered":"<p>Wir freuen uns, von Ihnen zu h\u00f6ren!<\/p>\n<p>F\u00fcllen Sie dieses Formular aus, um einen Beratungstermin f\u00fcr Ihr Projekt zu vereinbaren. Wir melden uns schnellstm\u00f6glich bei Ihnen.<\/p>\n<div id=\"gtx-trans\" style=\"position: absolute; left: 313px; top: 1.2px;\">\n<div class=\"gtx-trans-icon\"><\/div>\n<\/div>\n","protected":false},"excerpt":{"rendered":"<p>Wir freuen uns, von Ihnen zu h\u00f6ren! F\u00fcllen Sie dieses Formular aus, um einen Beratungstermin f\u00fcr Ihr Projekt zu vereinbaren. Wir melden uns schnellstm\u00f6glich bei Ihnen.<\/p>\n","protected":false},"author":1,"featured_media":0,"parent":0,"menu_order":0,"comment_status":"closed","ping_status":"closed","template":"contact.php","meta":{"footnotes":""},"class_list":["post-20","page","type-page","status-publish","hentry"],"acf":[],"aioseo_notices":[],"_links":{"self":[{"href":"https:\/\/www.solareur.nl\/de\/wp-json\/wp\/v2\/pages\/20","targetHints":{"allow":["GET"]}}],"collection":[{"href":"https:\/\/www.solareur.nl\/de\/wp-json\/wp\/v2\/pages"}],"about":[{"href":"https:\/\/www.solareur.nl\/de\/wp-json\/wp\/v2\/types\/page"}],"author":[{"embeddable":true,"href":"https:\/\/www.solareur.nl\/de\/wp-json\/wp\/v2\/users\/1"}],"replies":[{"embeddable":true,"href":"https:\/\/www.solareur.nl\/de\/wp-json\/wp\/v2\/comments?post=20"}],"version-history":[{"count":2,"href":"https:\/\/www.solareur.nl\/de\/wp-json\/wp\/v2\/pages\/20\/revisions"}],"predecessor-version":[{"id":614,"href":"https:\/\/www.solareur.nl\/de\/wp-json\/wp\/v2\/pages\/20\/revisions\/614"}],"wp:attachment":[{"href":"https:\/\/www.solareur.nl\/de\/wp-json\/wp\/v2\/media?parent=20"}],"curies":[{"name":"wp","href":"https:\/\/api.w.org\/{rel}","templated":true}]}}