{"id":15,"date":"2025-01-28T15:42:32","date_gmt":"2025-01-28T15:42:32","guid":{"rendered":"https:\/\/solareur.nl\/?page_id=15"},"modified":"2026-03-26T18:12:06","modified_gmt":"2026-03-26T18:12:06","slug":"uber-uns","status":"publish","type":"page","link":"https:\/\/www.solareur.nl\/de\/uber-uns\/","title":{"rendered":"\u00dcber uns"},"content":{"rendered":"<h2 data-sourcepos=\"3:1-3:91\">SolarEur \u2013 Ihr Komplettanbieter f\u00fcr EPC-Leistungen im Bereich Solarenergie<\/h2>\n<p data-sourcepos=\"34:1-34:96\">Mit \u00fcber 10 Jahren Erfahrung, mehr als 20 erfolgreich abgeschlossenen Projekten und \u00fcber 100 T\u00dcV-zertifizierten Fachkr\u00e4ften hat sich SolarEur zu einem verl\u00e4sslichen Partner f\u00fcr Solarenergieprojekte in den Niederlanden und Nordeuropa entwickelt. Von unseren Standorten in Den Haag und D\u00fcsseldorf aus tragen wir t\u00e4glich zur Energiewende bei \u2013 mit einem Ziel: Solarenergie gro\u00dffl\u00e4chig, bezahlbar und zuverl\u00e4ssig zu machen.<\/p>\n<p data-sourcepos=\"34:1-34:96\">Was uns auszeichnet, ist die Kombination aus technischer und finanzieller Expertise sowie pers\u00f6nlicher Zusammenarbeit. Unsere Kunden \u2013 von Projektentwicklern bis hin zu Unternehmen aus den Bereichen Landwirtschaft, Logistik und Industrie \u2013 vertrauen auf SolarEur f\u00fcr nachhaltige L\u00f6sungen mit garantierter Qualit\u00e4t und Rendite.<\/p>\n<p data-sourcepos=\"34:1-34:96\">Sehen Sie sich unsere <a title=\"Projekte\" href=\"https:\/\/www.solareur.nl\/de\/projekte\/\">Projekte<\/a> an oder lesen Sie mehr \u00fcber unsere <a title=\"Leistungen\" href=\"https:\/\/www.solareur.nl\/de\/leistungen\/\">Serviceangebote<\/a>.<\/p>\n<h2>Mission &amp; Vision<\/h2>\n<p>Unsere Mission ist es, Solarenergie f\u00fcr Unternehmen in den Niederlanden und Nordeuropa zug\u00e4nglich und bezahlbar zu machen. Wir glauben an eine Zukunft, in der nachhaltige Energie Standard ist \u2013 nicht nur f\u00fcr das Klima, sondern auch f\u00fcr die Wirtschaft.<\/p>\n<p><strong>Unsere Vision<\/strong>: eine unabh\u00e4ngige, effiziente und zukunftssichere Energieversorgung.<\/p>\n<p>Wir erreichen dies durch umfassende EPC-L\u00f6sungen (Engineering, Procurement, Construction), die Zuverl\u00e4ssigkeit, Innovation und Effizienz vereinen.<\/p>\n<h2>Unsere Werte<\/h2>\n<p>Bei SolarEur dreht sich alles um nachhaltige Qualit\u00e4t \u2013 bei Menschen, Projekten und Prozessen.<\/p>\n<ul>\n<li>Nachhaltigkeit \u2013 Wir vereinen Energie, \u00d6kologie und Effizienz in jedem Projekt.<\/li>\n<li>Innovation \u2013 Wir nutzen modernste Technologien f\u00fcr maximale Leistung.<\/li>\n<li>Zuverl\u00e4ssigkeit \u2013 Lieferung gem\u00e4\u00df Vereinbarung, Standards und Qualit\u00e4tsrahmen.<\/li>\n<li>Fachkompetenz \u2013 T\u00dcV-zertifizierte Spezialisten mit langj\u00e4hriger Erfahrung.<\/li>\n<li>Transparenz \u2013 Klare Kommunikation und transparente Vereinbarungen.<\/li>\n<li>Kundenorientierung \u2013 Jedes Projekt wird individuell auf die Ziele unserer Partner zugeschnitten.<\/li>\n<\/ul>\n<h2>Unser Team<\/h2>\n<p>Die St\u00e4rke von SolarEur liegt in unserem Team. \u00dcber 100 Spezialisten \u2013 von Ingenieuren bis zu Installateuren \u2013 verfolgen dasselbe Ziel: Solarenergie im gro\u00dfen Stil zu erm\u00f6glichen. Sie vereinen technisches Know-how mit finanzieller und rechtlicher Expertise und gew\u00e4hrleisten so, dass jedes Projekt h\u00f6chsten Anspr\u00fcchen an Sicherheit, Effizienz und Nachhaltigkeit gen\u00fcgt.<\/p>\n<p>Wir arbeiten mit renommierten Lieferanten und Experten zusammen, die \u00fcber langj\u00e4hrige Erfahrung in der Solarenergiebranche verf\u00fcgen. Wir gehen unserer Arbeit mit Leidenschaft nach \u2013 und vor allem lieben wir, was wir tun.<\/p>\n<p>Lernen Sie unser Team kennen!<\/p>\n<div id=\"gtx-trans\" style=\"position: absolute; left: 330px; top: 47.8px;\">\n<div class=\"gtx-trans-icon\"><\/div>\n<\/div>\n","protected":false},"excerpt":{"rendered":"<p>SolarEur \u2013 Ihr Komplettanbieter f\u00fcr EPC-Leistungen im Bereich Solarenergie Mit \u00fcber 10 Jahren Erfahrung, mehr als 20 erfolgreich abgeschlossenen Projekten und \u00fcber 100 T\u00dcV-zertifizierten Fachkr\u00e4ften hat sich SolarEur zu einem verl\u00e4sslichen Partner f\u00fcr Solarenergieprojekte in den Niederlanden und Nordeuropa entwickelt. Von unseren Standorten in Den Haag und D\u00fcsseldorf aus tragen wir t\u00e4glich zur Energiewende bei [&hellip;]<\/p>\n","protected":false},"author":1,"featured_media":611,"parent":0,"menu_order":0,"comment_status":"closed","ping_status":"closed","template":"over-ons.php","meta":{"footnotes":""},"class_list":["post-15","page","type-page","status-publish","has-post-thumbnail","hentry"],"acf":[],"aioseo_notices":[],"_links":{"self":[{"href":"https:\/\/www.solareur.nl\/de\/wp-json\/wp\/v2\/pages\/15","targetHints":{"allow":["GET"]}}],"collection":[{"href":"https:\/\/www.solareur.nl\/de\/wp-json\/wp\/v2\/pages"}],"about":[{"href":"https:\/\/www.solareur.nl\/de\/wp-json\/wp\/v2\/types\/page"}],"author":[{"embeddable":true,"href":"https:\/\/www.solareur.nl\/de\/wp-json\/wp\/v2\/users\/1"}],"replies":[{"embeddable":true,"href":"https:\/\/www.solareur.nl\/de\/wp-json\/wp\/v2\/comments?post=15"}],"version-history":[{"count":15,"href":"https:\/\/www.solareur.nl\/de\/wp-json\/wp\/v2\/pages\/15\/revisions"}],"predecessor-version":[{"id":694,"href":"https:\/\/www.solareur.nl\/de\/wp-json\/wp\/v2\/pages\/15\/revisions\/694"}],"wp:featuredmedia":[{"embeddable":true,"href":"https:\/\/www.solareur.nl\/de\/wp-json\/wp\/v2\/media\/611"}],"wp:attachment":[{"href":"https:\/\/www.solareur.nl\/de\/wp-json\/wp\/v2\/media?parent=15"}],"curies":[{"name":"wp","href":"https:\/\/api.w.org\/{rel}","templated":true}]}}