{"id":13,"date":"2025-01-28T15:42:18","date_gmt":"2025-01-28T15:42:18","guid":{"rendered":"https:\/\/solareur.nl\/?page_id=13"},"modified":"2025-11-14T12:45:32","modified_gmt":"2025-11-14T12:45:32","slug":"projekte","status":"publish","type":"page","link":"https:\/\/www.solareur.nl\/de\/projekte\/","title":{"rendered":"Projekte"},"content":{"rendered":"<h3>Unsere abgeschlossenen Solarenergieprojekte<\/h3>\n<p>SolarEur errichtet gro\u00dffl\u00e4chige Solarparks und gewerbliche Photovoltaikanlagen in den Niederlanden und Nordeuropa. Mit unserem umfassenden EPC-Ansatz betreuen wir jedes Projekt von der Planung und Genehmigung bis hin zur Installation und \u00dcberwachung. Jedes Projekt liefert nachhaltige Energie, \u00f6kologische Vorteile und f\u00f6rdert die lokale Bev\u00f6lkerung.<\/p>\n<h3>Unsere Projekte im \u00dcberblick:<\/h3>\n<ul>\n<li><span style=\"font-size: 16px;\"><a title=\"Projekt kriekampen oirschot\" href=\"https:\/\/www.solareur.nl\/de\/projecten\/projekt-kriekampen-oirschot\/\">Kriekampen, Oirschot<\/a> \u2013 33-MWp-Solarpark mit 46.000 Solarmodulen. Fertigstellung in 7 Monaten, April 2025. Versorgt Tausende von Haushalten mit nachhaltiger Energie und integriert sich \u00f6kologisch.<\/span><\/li>\n<li><a title=\"Projekt Lochem III\" href=\"https:\/\/www.solareur.nl\/de\/projecten\/projekt-lochem-iii\/\">Lochem III, Lochem<\/a> \u2013 Innovativer 11,63-MWp-Solarpark mit 20.000 Modulen auf einer ehemaligen Deponie. Bauzeit ca. 50 Monate, Fertigstellung im Dezember 2024. Inklusive \u00dcberwachung und lokaler Beteiligung.<\/li>\n<li><a title=\"Project Vossenberg Laarbeek\" href=\"https:\/\/www.solareur.nl\/de\/projecten\/project-vossenberg-laarbeek\/\">Vossenberg, Laarbeek<\/a> \u2013 12-MWp-Solarpark mit 4.000 Solarmodulen. Fertigstellung Dezember 2024. Versorgt rund 2.700 Haushalte mit nachhaltiger Energie. \u00d6kologisches Design und Entwicklung von Energiespeichern.<\/li>\n<li>De Hoge Vaart, Zeewolde \u2013 Gro\u00dfsolarpark mit 22,26 MWp und 38.220 Modulen. Fertigstellung in 6 Monaten, Juni 2025. Versorgt rund 9.250 Haushalte mit \u00d6kostrom, einschlie\u00dflich Testfeldern und kr\u00e4uterreicher Wiesen.<\/li>\n<\/ul>\n<h3>Erfahren Sie, wie SolarEur Ihr Projekt mit unseren <a title=\"Leistungen\" href=\"https:\/\/www.solareur.nl\/de\/leistungen\/\">Dienstleistungen<\/a> realisieren kann, oder <a title=\"Kontakt\" href=\"https:\/\/www.solareur.nl\/de\/kontakt\/\">kontaktieren<\/a> Sie uns direkt f\u00fcr ein Beratungsgespr\u00e4ch.<\/h3>\n<p>&nbsp;<\/p>\n<h2>Warum SolarEur?<\/h2>\n<p>SolarEur ist Ihr zuverl\u00e4ssiger Partner f\u00fcr Solarenergie-Gro\u00dfprojekte.<\/p>\n<p>Unsere Projekte zeichnen sich aus durch:<\/p>\n<ul>\n<li>Komplettservice (EPC): von der Planung und Genehmigung bis hin zu Installation und Monitoring.<\/li>\n<li>Erfahrene Fachkr\u00e4fte: Alle Techniker sind T\u00dcV-zertifiziert und arbeiten nach h\u00f6chsten Sicherheits- und Qualit\u00e4tsstandards.<\/li>\n<li>Nachweisliche Erfolgsbilanz: mehr als 20 realisierte Solarparks in den Niederlanden und Nordeuropa. Nachhaltigkeit &amp; \u00d6kologie: Fokus auf Landschaftsintegration, Flora, Fauna und CO\u2082-Reduzierung.<\/li>\n<li>Innovation: Einsatz intelligenter Technologien wie \u00dcberwachungssysteme und Energiespeicher f\u00fcr optimale Leistung.<\/li>\n<\/ul>\n<p>Lernen Sie <a title=\"\u00dcber uns\" href=\"https:\/\/www.solareur.nl\/de\/uber-uns\/\">unser Team<\/a> kennen \u2013 entdecken Sie die Menschen hinter unseren Projekten und ihre Expertise im Bereich Solarenergie.<\/p>\n<p>M\u00f6chten Sie wissen, wie wir Ihr Projekt unterst\u00fctzen k\u00f6nnen? Sehen Sie sich unsere <a title=\"Leistungen\" href=\"https:\/\/www.solareur.nl\/de\/leistungen\/\">Leistungen<\/a> an.<\/p>\n","protected":false},"excerpt":{"rendered":"<p>Unsere abgeschlossenen Solarenergieprojekte SolarEur errichtet gro\u00dffl\u00e4chige Solarparks und gewerbliche Photovoltaikanlagen in den Niederlanden und Nordeuropa. Mit unserem umfassenden EPC-Ansatz betreuen wir jedes Projekt von der Planung und Genehmigung bis hin zur Installation und \u00dcberwachung. Jedes Projekt liefert nachhaltige Energie, \u00f6kologische Vorteile und f\u00f6rdert die lokale Bev\u00f6lkerung. Unsere Projekte im \u00dcberblick: Kriekampen, Oirschot \u2013 33-MWp-Solarpark mit [&hellip;]<\/p>\n","protected":false},"author":1,"featured_media":0,"parent":0,"menu_order":0,"comment_status":"closed","ping_status":"closed","template":"projecten.php","meta":{"footnotes":""},"class_list":["post-13","page","type-page","status-publish","hentry"],"acf":[],"aioseo_notices":[],"_links":{"self":[{"href":"https:\/\/www.solareur.nl\/de\/wp-json\/wp\/v2\/pages\/13","targetHints":{"allow":["GET"]}}],"collection":[{"href":"https:\/\/www.solareur.nl\/de\/wp-json\/wp\/v2\/pages"}],"about":[{"href":"https:\/\/www.solareur.nl\/de\/wp-json\/wp\/v2\/types\/page"}],"author":[{"embeddable":true,"href":"https:\/\/www.solareur.nl\/de\/wp-json\/wp\/v2\/users\/1"}],"replies":[{"embeddable":true,"href":"https:\/\/www.solareur.nl\/de\/wp-json\/wp\/v2\/comments?post=13"}],"version-history":[{"count":2,"href":"https:\/\/www.solareur.nl\/de\/wp-json\/wp\/v2\/pages\/13\/revisions"}],"predecessor-version":[{"id":645,"href":"https:\/\/www.solareur.nl\/de\/wp-json\/wp\/v2\/pages\/13\/revisions\/645"}],"wp:attachment":[{"href":"https:\/\/www.solareur.nl\/de\/wp-json\/wp\/v2\/media?parent=13"}],"curies":[{"name":"wp","href":"https:\/\/api.w.org\/{rel}","templated":true}]}}