{"id":11,"date":"2025-01-28T15:41:59","date_gmt":"2025-01-28T15:41:59","guid":{"rendered":"https:\/\/solareur.nl\/?page_id=11"},"modified":"2025-11-13T13:21:30","modified_gmt":"2025-11-13T13:21:30","slug":"leistungen","status":"publish","type":"page","link":"https:\/\/www.solareur.nl\/de\/leistungen\/","title":{"rendered":"Leistungen"},"content":{"rendered":"<h2>Ihr Komplettanbieter f\u00fcr Solarenergie<\/h2>\n<p>Als EPC-Partner f\u00fcr Solarparks bietet SolarEur umfassende und nachhaltige EPC-L\u00f6sungen. Wir begleiten Sie von der Planung \u00fcber die Realisierung bis hin zur Wartung Ihres Solarprojekts. Von Erdarbeiten und Verkabelung bis hin zu Installation und Monitoring: Wir sind Ihr Partner f\u00fcr gro\u00dffl\u00e4chige Solarparks, Solard\u00e4cher und Ladeinfrastruktur. Alle unsere Techniker sind T\u00dcV-zertifiziert.<\/p>\n<h2>Ein \u00dcberblick \u00fcber unser Angebot<\/h2>\n<p>SolarEur bietet einen umfassenden EPC-Ansatz f\u00fcr Solarenergieprojekte. Finden Sie unten heraus, welcher Service am besten zu Ihrem Unternehmen passt:<\/p>\n<div id=\"gtx-trans\" style=\"position: absolute; left: 249px; top: 47.8px;\">\n<div class=\"gtx-trans-icon\"><\/div>\n<\/div>\n","protected":false},"excerpt":{"rendered":"<p>Ihr Komplettanbieter f\u00fcr Solarenergie Als EPC-Partner f\u00fcr Solarparks bietet SolarEur umfassende und nachhaltige EPC-L\u00f6sungen. Wir begleiten Sie von der Planung \u00fcber die Realisierung bis hin zur Wartung Ihres Solarprojekts. Von Erdarbeiten und Verkabelung bis hin zu Installation und Monitoring: Wir sind Ihr Partner f\u00fcr gro\u00dffl\u00e4chige Solarparks, Solard\u00e4cher und Ladeinfrastruktur. Alle unsere Techniker sind T\u00dcV-zertifiziert. Ein [&hellip;]<\/p>\n","protected":false},"author":1,"featured_media":580,"parent":0,"menu_order":0,"comment_status":"closed","ping_status":"closed","template":"diensten.php","meta":{"footnotes":""},"class_list":["post-11","page","type-page","status-publish","has-post-thumbnail","hentry"],"acf":[],"aioseo_notices":[],"_links":{"self":[{"href":"https:\/\/www.solareur.nl\/de\/wp-json\/wp\/v2\/pages\/11","targetHints":{"allow":["GET"]}}],"collection":[{"href":"https:\/\/www.solareur.nl\/de\/wp-json\/wp\/v2\/pages"}],"about":[{"href":"https:\/\/www.solareur.nl\/de\/wp-json\/wp\/v2\/types\/page"}],"author":[{"embeddable":true,"href":"https:\/\/www.solareur.nl\/de\/wp-json\/wp\/v2\/users\/1"}],"replies":[{"embeddable":true,"href":"https:\/\/www.solareur.nl\/de\/wp-json\/wp\/v2\/comments?post=11"}],"version-history":[{"count":2,"href":"https:\/\/www.solareur.nl\/de\/wp-json\/wp\/v2\/pages\/11\/revisions"}],"predecessor-version":[{"id":616,"href":"https:\/\/www.solareur.nl\/de\/wp-json\/wp\/v2\/pages\/11\/revisions\/616"}],"wp:featuredmedia":[{"embeddable":true,"href":"https:\/\/www.solareur.nl\/de\/wp-json\/wp\/v2\/media\/580"}],"wp:attachment":[{"href":"https:\/\/www.solareur.nl\/de\/wp-json\/wp\/v2\/media?parent=11"}],"curies":[{"name":"wp","href":"https:\/\/api.w.org\/{rel}","templated":true}]}}